{"id":71,"date":"2021-03-09T19:54:50","date_gmt":"2021-03-09T18:54:50","guid":{"rendered":"https:\/\/aussichtsreich-harz.de\/?page_id=71"},"modified":"2025-06-20T16:32:03","modified_gmt":"2025-06-20T14:32:03","slug":"einkaufen","status":"publish","type":"page","link":"https:\/\/aussichtsreich-harz.de\/?page_id=71","title":{"rendered":"Einkaufen"},"content":{"rendered":"\t\t<div data-elementor-type=\"wp-page\" data-elementor-id=\"71\" class=\"elementor elementor-71\">\n\t\t\t\t\t\t<section class=\"elementor-section elementor-top-section elementor-element elementor-element-8ebe102 elementor-section-boxed elementor-section-height-default elementor-section-height-default\" data-id=\"8ebe102\" data-element_type=\"section\" data-e-type=\"section\">\n\t\t\t\t\t\t<div class=\"elementor-container elementor-column-gap-default\">\n\t\t\t\t\t<div class=\"elementor-column elementor-col-100 elementor-top-column elementor-element elementor-element-cc3b96d\" data-id=\"cc3b96d\" data-element_type=\"column\" data-e-type=\"column\">\n\t\t\t<div class=\"elementor-widget-wrap elementor-element-populated\">\n\t\t\t\t\t\t<div class=\"elementor-element elementor-element-516d3db elementor-pagination-position-inside elementor-arrows-position-inside elementor-widget elementor-widget-image-carousel\" data-id=\"516d3db\" data-element_type=\"widget\" data-e-type=\"widget\" data-settings=\"{&quot;slides_to_show&quot;:&quot;1&quot;,&quot;navigation&quot;:&quot;both&quot;,&quot;autoplay&quot;:&quot;yes&quot;,&quot;pause_on_hover&quot;:&quot;yes&quot;,&quot;pause_on_interaction&quot;:&quot;yes&quot;,&quot;autoplay_speed&quot;:5000,&quot;infinite&quot;:&quot;yes&quot;,&quot;effect&quot;:&quot;slide&quot;,&quot;speed&quot;:500}\" data-widget_type=\"image-carousel.default\">\n\t\t\t\t<div class=\"elementor-widget-container\">\n\t\t\t\t\t\t\t<div class=\"elementor-image-carousel-wrapper swiper\" role=\"region\" aria-roledescription=\"carousel\" aria-label=\"Bild Karussell\" dir=\"ltr\">\n\t\t\t<div class=\"elementor-image-carousel swiper-wrapper\" aria-live=\"off\">\n\t\t\t\t\t\t\t\t<div class=\"swiper-slide\" role=\"group\" aria-roledescription=\"slide\" aria-label=\"1 von 3\"><figure class=\"swiper-slide-inner\"><img decoding=\"async\" class=\"swiper-slide-image\" src=\"https:\/\/aussichtsreich-harz.de\/wp-content\/uploads\/2021\/03\/emotionheader5802643660_1.jpg\" alt=\"emotionheader5802643660_1\" \/><\/figure><\/div><div class=\"swiper-slide\" role=\"group\" aria-roledescription=\"slide\" aria-label=\"2 von 3\"><figure class=\"swiper-slide-inner\"><img decoding=\"async\" class=\"swiper-slide-image\" src=\"https:\/\/aussichtsreich-harz.de\/wp-content\/uploads\/2021\/03\/emotionheader5802643660_2.jpg\" alt=\"Father and child in supermarket --- Image by \u00a9 Image Source\/Corbis\" \/><\/figure><\/div><div class=\"swiper-slide\" role=\"group\" aria-roledescription=\"slide\" aria-label=\"3 von 3\"><figure class=\"swiper-slide-inner\"><img decoding=\"async\" class=\"swiper-slide-image\" src=\"https:\/\/aussichtsreich-harz.de\/wp-content\/uploads\/2021\/03\/emotionheader5802643660_3.jpg\" alt=\"breadmaker with basket of fresh baguettes --- Image by \u00a9 Jupiterimages\/Brand X\/Corbis\" \/><\/figure><\/div>\t\t\t<\/div>\n\t\t\t\t\t\t\t\t\t\t\t\t<div class=\"elementor-swiper-button elementor-swiper-button-prev\" role=\"button\" tabindex=\"0\">\n\t\t\t\t\t\t<i aria-hidden=\"true\" class=\"eicon-chevron-left\"><\/i>\t\t\t\t\t<\/div>\n\t\t\t\t\t<div class=\"elementor-swiper-button elementor-swiper-button-next\" role=\"button\" tabindex=\"0\">\n\t\t\t\t\t\t<i aria-hidden=\"true\" class=\"eicon-chevron-right\"><\/i>\t\t\t\t\t<\/div>\n\t\t\t\t\n\t\t\t\t\t\t\t\t\t<div class=\"swiper-pagination\"><\/div>\n\t\t\t\t\t\t\t\t\t<\/div>\n\t\t\t\t\t\t<\/div>\n\t\t\t\t<\/div>\n\t\t\t\t\t<\/div>\n\t\t<\/div>\n\t\t\t\t\t<\/div>\n\t\t<\/section>\n\t\t\t\t<section class=\"elementor-section elementor-top-section elementor-element elementor-element-570766a elementor-section-boxed elementor-section-height-default elementor-section-height-default\" data-id=\"570766a\" data-element_type=\"section\" data-e-type=\"section\">\n\t\t\t\t\t\t<div class=\"elementor-container elementor-column-gap-default\">\n\t\t\t\t\t<div class=\"elementor-column elementor-col-100 elementor-top-column elementor-element elementor-element-d3fe207\" data-id=\"d3fe207\" data-element_type=\"column\" data-e-type=\"column\">\n\t\t\t<div class=\"elementor-widget-wrap elementor-element-populated\">\n\t\t\t\t\t\t<div class=\"elementor-element elementor-element-e1dd4ea elementor-widget elementor-widget-text-editor\" data-id=\"e1dd4ea\" data-element_type=\"widget\" data-e-type=\"widget\" data-widget_type=\"text-editor.default\">\n\t\t\t\t<div class=\"elementor-widget-container\">\n\t\t\t\t\t\t\t\t\t<div class=\"n module-type-text diyfeLiveArea \"><p>B\u00e4cker: Unbedingt zu empfehlen ist die B\u00e4ckerei Moock am Hindenburgplatz 1 in Hahnenklee.<\/p><p>Supermarkt Tante Enso im Ort: Rathausstra\u00dfe 21, Einkaufen w\u00e4hrend der \u00d6ffnungszeiten oder 24\/7 mit Kundenkarte<\/p><p><a href=\"https:\/\/www.tanteenso.de\/content\/tanteenso\/standorte\/hahnenklee\">Supermarkt Tante Enso Hahnenklee<\/a><\/p><p>F\u00fcr weitere Eink\u00e4ufe stehen Ihnen in Clausthal-Zellerfeld (6 km) mehrere Superm\u00e4rkte f\u00fcr den t\u00e4glichen Bedarf zur Verf\u00fcgung.\u00a0<\/p><p>Auch eine Fahrt nach Goslar (16 km, 20 Minuten) lohnt sich. Denn hier l\u00e4dt die wundersch\u00f6ne mittelalterliche Altstadt mit vielen Gesch\u00e4ften, Caf\u00e9s, Restaurants und Kneipen zu einem gem\u00fctlichen Einkaufsbummel ein.<\/p><\/div><div class=\"n module-type-text diyfeLiveArea \"><p><a href=\"https:\/\/www.google.de\/maps\/search\/Einkaufen\/@51.8106943,10.3447582,14.75z\/data=!4m8!2m7!3m6!1sEinkaufen!2sClausthal-Zellerfeld!3s0x47a53bee117526c1:0x425ac6d94ac3f80!4m2!1d10.340707!2d51.8080063?hl=de\" target=\"_blank\" rel=\"noopener\">Einkaufen in Clausthal-Zellerfeld (Google Maps)<\/a><\/p><\/div><div class=\"n module-type-text diyfeLiveArea \"><p><a href=\"https:\/\/www.google.de\/maps\/search\/einkaufen\/@51.916146,10.4342523,14.63z\/data=!3m1!4b1\" target=\"_blank\" rel=\"noopener\">Einkaufen in Goslar (Google Maps)<\/a><\/p><\/div>\t\t\t\t\t\t\t\t<\/div>\n\t\t\t\t<\/div>\n\t\t\t\t\t<\/div>\n\t\t<\/div>\n\t\t\t\t\t<\/div>\n\t\t<\/section>\n\t\t\t\t<\/div>\n\t\t","protected":false},"excerpt":{"rendered":"<p>B\u00e4cker: Unbedingt zu empfehlen ist die B\u00e4ckerei Moock am Hindenburgplatz 1 in Hahnenklee. Supermarkt Tante Enso im Ort: Rathausstra\u00dfe 21, Einkaufen w\u00e4hrend der \u00d6ffnungszeiten oder 24\/7 mit Kundenkarte Supermarkt Tante Enso Hahnenklee F\u00fcr weitere&#46;&#46;&#46;<\/p>\n","protected":false},"author":1,"featured_media":0,"parent":0,"menu_order":0,"comment_status":"closed","ping_status":"closed","template":"","meta":{"footnotes":""},"class_list":["post-71","page","type-page","status-publish","hentry"],"yoast_head":"<!-- This site is optimized with the Yoast SEO plugin v27.4 - https:\/\/yoast.com\/product\/yoast-seo-wordpress\/ -->\n<title>Einkaufen - Ferienwohnung AussichtsReich - Urlaub und Ferien in Hahnenklee im Harz<\/title>\n<meta name=\"robots\" content=\"index, follow, max-snippet:-1, max-image-preview:large, max-video-preview:-1\" \/>\n<link rel=\"canonical\" href=\"https:\/\/aussichtsreich-harz.de\/?page_id=71\" \/>\n<meta property=\"og:locale\" content=\"de_DE\" \/>\n<meta property=\"og:type\" content=\"article\" \/>\n<meta property=\"og:title\" content=\"Einkaufen - Ferienwohnung AussichtsReich - Urlaub und Ferien in Hahnenklee im Harz\" \/>\n<meta property=\"og:description\" content=\"B\u00e4cker: Unbedingt zu empfehlen ist die B\u00e4ckerei Moock am Hindenburgplatz 1 in Hahnenklee. Supermarkt Tante Enso im Ort: Rathausstra\u00dfe 21, Einkaufen w\u00e4hrend der \u00d6ffnungszeiten oder 24\/7 mit Kundenkarte Supermarkt Tante Enso Hahnenklee F\u00fcr weitere&#046;&#046;&#046;\" \/>\n<meta property=\"og:url\" content=\"https:\/\/aussichtsreich-harz.de\/?page_id=71\" \/>\n<meta property=\"og:site_name\" content=\"Ferienwohnung AussichtsReich - Urlaub und Ferien in Hahnenklee im Harz\" \/>\n<meta property=\"article:modified_time\" content=\"2025-06-20T14:32:03+00:00\" \/>\n<meta property=\"og:image\" content=\"https:\/\/aussichtsreich-harz.de\/wp-content\/uploads\/2021\/03\/emotionheader5802643660_1.jpg\" \/>\n<meta name=\"twitter:card\" content=\"summary_large_image\" \/>\n<script type=\"application\/ld+json\" class=\"yoast-schema-graph\">{\"@context\":\"https:\\\/\\\/schema.org\",\"@graph\":[{\"@type\":\"WebPage\",\"@id\":\"https:\\\/\\\/aussichtsreich-harz.de\\\/?page_id=71\",\"url\":\"https:\\\/\\\/aussichtsreich-harz.de\\\/?page_id=71\",\"name\":\"Einkaufen - Ferienwohnung AussichtsReich - Urlaub und Ferien in Hahnenklee im Harz\",\"isPartOf\":{\"@id\":\"https:\\\/\\\/aussichtsreich-harz.de\\\/#website\"},\"primaryImageOfPage\":{\"@id\":\"https:\\\/\\\/aussichtsreich-harz.de\\\/?page_id=71#primaryimage\"},\"image\":{\"@id\":\"https:\\\/\\\/aussichtsreich-harz.de\\\/?page_id=71#primaryimage\"},\"thumbnailUrl\":\"https:\\\/\\\/aussichtsreich-harz.de\\\/wp-content\\\/uploads\\\/2021\\\/03\\\/emotionheader5802643660_1.jpg\",\"datePublished\":\"2021-03-09T18:54:50+00:00\",\"dateModified\":\"2025-06-20T14:32:03+00:00\",\"breadcrumb\":{\"@id\":\"https:\\\/\\\/aussichtsreich-harz.de\\\/?page_id=71#breadcrumb\"},\"inLanguage\":\"de\",\"potentialAction\":[{\"@type\":\"ReadAction\",\"target\":[\"https:\\\/\\\/aussichtsreich-harz.de\\\/?page_id=71\"]}]},{\"@type\":\"ImageObject\",\"inLanguage\":\"de\",\"@id\":\"https:\\\/\\\/aussichtsreich-harz.de\\\/?page_id=71#primaryimage\",\"url\":\"https:\\\/\\\/aussichtsreich-harz.de\\\/wp-content\\\/uploads\\\/2021\\\/03\\\/emotionheader5802643660_1.jpg\",\"contentUrl\":\"https:\\\/\\\/aussichtsreich-harz.de\\\/wp-content\\\/uploads\\\/2021\\\/03\\\/emotionheader5802643660_1.jpg\",\"width\":920,\"height\":215},{\"@type\":\"BreadcrumbList\",\"@id\":\"https:\\\/\\\/aussichtsreich-harz.de\\\/?page_id=71#breadcrumb\",\"itemListElement\":[{\"@type\":\"ListItem\",\"position\":1,\"name\":\"Startseite\",\"item\":\"https:\\\/\\\/aussichtsreich-harz.de\\\/\"},{\"@type\":\"ListItem\",\"position\":2,\"name\":\"Einkaufen\"}]},{\"@type\":\"WebSite\",\"@id\":\"https:\\\/\\\/aussichtsreich-harz.de\\\/#website\",\"url\":\"https:\\\/\\\/aussichtsreich-harz.de\\\/\",\"name\":\"Ferienwohnung AussichtsReich - Urlaub und Ferien in Hahnenklee im Harz\",\"description\":\"Erholsamer Urlaub in unserer Ferienwohnung im Harz mit Hund: Ferien, Wandern und Erholung\",\"publisher\":{\"@id\":\"https:\\\/\\\/aussichtsreich-harz.de\\\/#organization\"},\"potentialAction\":[{\"@type\":\"SearchAction\",\"target\":{\"@type\":\"EntryPoint\",\"urlTemplate\":\"https:\\\/\\\/aussichtsreich-harz.de\\\/?s={search_term_string}\"},\"query-input\":{\"@type\":\"PropertyValueSpecification\",\"valueRequired\":true,\"valueName\":\"search_term_string\"}}],\"inLanguage\":\"de\"},{\"@type\":\"Organization\",\"@id\":\"https:\\\/\\\/aussichtsreich-harz.de\\\/#organization\",\"name\":\"Ferienwohnung AussichtsReich\",\"url\":\"https:\\\/\\\/aussichtsreich-harz.de\\\/\",\"logo\":{\"@type\":\"ImageObject\",\"inLanguage\":\"de\",\"@id\":\"https:\\\/\\\/aussichtsreich-harz.de\\\/#\\\/schema\\\/logo\\\/image\\\/\",\"url\":\"https:\\\/\\\/aussichtsreich-harz.de\\\/wp-content\\\/uploads\\\/2021\\\/03\\\/images.jpg\",\"contentUrl\":\"https:\\\/\\\/aussichtsreich-harz.de\\\/wp-content\\\/uploads\\\/2021\\\/03\\\/images.jpg\",\"width\":80,\"height\":80,\"caption\":\"Ferienwohnung AussichtsReich\"},\"image\":{\"@id\":\"https:\\\/\\\/aussichtsreich-harz.de\\\/#\\\/schema\\\/logo\\\/image\\\/\"}}]}<\/script>\n<!-- \/ Yoast SEO plugin. -->","yoast_head_json":{"title":"Einkaufen - Ferienwohnung AussichtsReich - Urlaub und Ferien in Hahnenklee im Harz","robots":{"index":"index","follow":"follow","max-snippet":"max-snippet:-1","max-image-preview":"max-image-preview:large","max-video-preview":"max-video-preview:-1"},"canonical":"https:\/\/aussichtsreich-harz.de\/?page_id=71","og_locale":"de_DE","og_type":"article","og_title":"Einkaufen - Ferienwohnung AussichtsReich - Urlaub und Ferien in Hahnenklee im Harz","og_description":"B\u00e4cker: Unbedingt zu empfehlen ist die B\u00e4ckerei Moock am Hindenburgplatz 1 in Hahnenklee. Supermarkt Tante Enso im Ort: Rathausstra\u00dfe 21, Einkaufen w\u00e4hrend der \u00d6ffnungszeiten oder 24\/7 mit Kundenkarte Supermarkt Tante Enso Hahnenklee F\u00fcr weitere&#46;&#46;&#46;","og_url":"https:\/\/aussichtsreich-harz.de\/?page_id=71","og_site_name":"Ferienwohnung AussichtsReich - Urlaub und Ferien in Hahnenklee im Harz","article_modified_time":"2025-06-20T14:32:03+00:00","og_image":[{"url":"https:\/\/aussichtsreich-harz.de\/wp-content\/uploads\/2021\/03\/emotionheader5802643660_1.jpg","type":"","width":"","height":""}],"twitter_card":"summary_large_image","schema":{"@context":"https:\/\/schema.org","@graph":[{"@type":"WebPage","@id":"https:\/\/aussichtsreich-harz.de\/?page_id=71","url":"https:\/\/aussichtsreich-harz.de\/?page_id=71","name":"Einkaufen - Ferienwohnung AussichtsReich - Urlaub und Ferien in Hahnenklee im Harz","isPartOf":{"@id":"https:\/\/aussichtsreich-harz.de\/#website"},"primaryImageOfPage":{"@id":"https:\/\/aussichtsreich-harz.de\/?page_id=71#primaryimage"},"image":{"@id":"https:\/\/aussichtsreich-harz.de\/?page_id=71#primaryimage"},"thumbnailUrl":"https:\/\/aussichtsreich-harz.de\/wp-content\/uploads\/2021\/03\/emotionheader5802643660_1.jpg","datePublished":"2021-03-09T18:54:50+00:00","dateModified":"2025-06-20T14:32:03+00:00","breadcrumb":{"@id":"https:\/\/aussichtsreich-harz.de\/?page_id=71#breadcrumb"},"inLanguage":"de","potentialAction":[{"@type":"ReadAction","target":["https:\/\/aussichtsreich-harz.de\/?page_id=71"]}]},{"@type":"ImageObject","inLanguage":"de","@id":"https:\/\/aussichtsreich-harz.de\/?page_id=71#primaryimage","url":"https:\/\/aussichtsreich-harz.de\/wp-content\/uploads\/2021\/03\/emotionheader5802643660_1.jpg","contentUrl":"https:\/\/aussichtsreich-harz.de\/wp-content\/uploads\/2021\/03\/emotionheader5802643660_1.jpg","width":920,"height":215},{"@type":"BreadcrumbList","@id":"https:\/\/aussichtsreich-harz.de\/?page_id=71#breadcrumb","itemListElement":[{"@type":"ListItem","position":1,"name":"Startseite","item":"https:\/\/aussichtsreich-harz.de\/"},{"@type":"ListItem","position":2,"name":"Einkaufen"}]},{"@type":"WebSite","@id":"https:\/\/aussichtsreich-harz.de\/#website","url":"https:\/\/aussichtsreich-harz.de\/","name":"Ferienwohnung AussichtsReich - Urlaub und Ferien in Hahnenklee im Harz","description":"Erholsamer Urlaub in unserer Ferienwohnung im Harz mit Hund: Ferien, Wandern und Erholung","publisher":{"@id":"https:\/\/aussichtsreich-harz.de\/#organization"},"potentialAction":[{"@type":"SearchAction","target":{"@type":"EntryPoint","urlTemplate":"https:\/\/aussichtsreich-harz.de\/?s={search_term_string}"},"query-input":{"@type":"PropertyValueSpecification","valueRequired":true,"valueName":"search_term_string"}}],"inLanguage":"de"},{"@type":"Organization","@id":"https:\/\/aussichtsreich-harz.de\/#organization","name":"Ferienwohnung AussichtsReich","url":"https:\/\/aussichtsreich-harz.de\/","logo":{"@type":"ImageObject","inLanguage":"de","@id":"https:\/\/aussichtsreich-harz.de\/#\/schema\/logo\/image\/","url":"https:\/\/aussichtsreich-harz.de\/wp-content\/uploads\/2021\/03\/images.jpg","contentUrl":"https:\/\/aussichtsreich-harz.de\/wp-content\/uploads\/2021\/03\/images.jpg","width":80,"height":80,"caption":"Ferienwohnung AussichtsReich"},"image":{"@id":"https:\/\/aussichtsreich-harz.de\/#\/schema\/logo\/image\/"}}]}},"_links":{"self":[{"href":"https:\/\/aussichtsreich-harz.de\/index.php?rest_route=\/wp\/v2\/pages\/71","targetHints":{"allow":["GET"]}}],"collection":[{"href":"https:\/\/aussichtsreich-harz.de\/index.php?rest_route=\/wp\/v2\/pages"}],"about":[{"href":"https:\/\/aussichtsreich-harz.de\/index.php?rest_route=\/wp\/v2\/types\/page"}],"author":[{"embeddable":true,"href":"https:\/\/aussichtsreich-harz.de\/index.php?rest_route=\/wp\/v2\/users\/1"}],"replies":[{"embeddable":true,"href":"https:\/\/aussichtsreich-harz.de\/index.php?rest_route=%2Fwp%2Fv2%2Fcomments&post=71"}],"version-history":[{"count":13,"href":"https:\/\/aussichtsreich-harz.de\/index.php?rest_route=\/wp\/v2\/pages\/71\/revisions"}],"predecessor-version":[{"id":1939,"href":"https:\/\/aussichtsreich-harz.de\/index.php?rest_route=\/wp\/v2\/pages\/71\/revisions\/1939"}],"wp:attachment":[{"href":"https:\/\/aussichtsreich-harz.de\/index.php?rest_route=%2Fwp%2Fv2%2Fmedia&parent=71"}],"curies":[{"name":"wp","href":"https:\/\/api.w.org\/{rel}","templated":true}]}}