{"id":68,"date":"2021-03-09T19:54:50","date_gmt":"2021-03-09T18:54:50","guid":{"rendered":"https:\/\/aussichtsreich-harz.de\/?page_id=68"},"modified":"2025-11-10T22:12:45","modified_gmt":"2025-11-10T21:12:45","slug":"buchungsanfrage","status":"publish","type":"page","link":"https:\/\/aussichtsreich-harz.de\/?page_id=68","title":{"rendered":"Buchungsanfrage"},"content":{"rendered":"\t\t<div data-elementor-type=\"wp-page\" data-elementor-id=\"68\" class=\"elementor elementor-68\">\n\t\t\t\t\t\t<section class=\"elementor-section elementor-top-section elementor-element elementor-element-64aa214 elementor-section-boxed elementor-section-height-default elementor-section-height-default\" data-id=\"64aa214\" data-element_type=\"section\" data-e-type=\"section\">\n\t\t\t\t\t\t<div class=\"elementor-container elementor-column-gap-default\">\n\t\t\t\t\t<div class=\"elementor-column elementor-col-100 elementor-top-column elementor-element elementor-element-54f586c\" data-id=\"54f586c\" data-element_type=\"column\" data-e-type=\"column\">\n\t\t\t<div class=\"elementor-widget-wrap elementor-element-populated\">\n\t\t\t\t\t\t<div class=\"elementor-element elementor-element-0fff434 elementor-widget elementor-widget-text-editor\" data-id=\"0fff434\" data-element_type=\"widget\" data-e-type=\"widget\" data-widget_type=\"text-editor.default\">\n\t\t\t\t<div class=\"elementor-widget-container\">\n\t\t\t\t\t\t\t\t\t<p>Bitte gleichen Sie als erstes Ihren Wunschzeitraum mit dem <a href=\"https:\/\/aussichtsreich-harz.de\/?page_id=66\">Belegungskalender<\/a> ab. Der Kalender wird regelm\u00e4\u00dfig gepflegt und ist stets aktuell.<\/p><p>Bitte beachten Sie: Die Mindestbuchung betr\u00e4gt 3 Tage.<\/p><p>F\u00fcr Buchungsanfragen oder weitere Informationen nehmen Sie am besten mit dem nachfolgenden Formular Kontakt zu uns auf. Die mit * gekennzeichneten Felder sind Pflichtfelder.<\/p>\t\t\t\t\t\t\t\t<\/div>\n\t\t\t\t<\/div>\n\t\t\t\t\t<\/div>\n\t\t<\/div>\n\t\t\t\t\t<\/div>\n\t\t<\/section>\n\t\t\t\t<section class=\"elementor-section elementor-top-section elementor-element elementor-element-6c46ae3 elementor-section-boxed elementor-section-height-default elementor-section-height-default\" data-id=\"6c46ae3\" data-element_type=\"section\" data-e-type=\"section\">\n\t\t\t\t\t\t<div class=\"elementor-container elementor-column-gap-default\">\n\t\t\t\t\t<div class=\"elementor-column elementor-col-100 elementor-top-column elementor-element elementor-element-63ad925\" data-id=\"63ad925\" data-element_type=\"column\" data-e-type=\"column\">\n\t\t\t<div class=\"elementor-widget-wrap elementor-element-populated\">\n\t\t\t\t\t\t<div class=\"elementor-element elementor-element-d719252 elementor-widget elementor-widget-shortcode\" data-id=\"d719252\" data-element_type=\"widget\" data-e-type=\"widget\" data-widget_type=\"shortcode.default\">\n\t\t\t\t<div class=\"elementor-widget-container\">\n\t\t\t\t\t\t\t<div class=\"elementor-shortcode\">\n<!-- This file should primarily consist of HTML with a little bit of PHP. -->\n<div class=\"app-flo-forms app-flo-forms_1264\" data-form_id=\"1264\">\n  <form class=\"flo-form\" enctype=\"multipart\/form-data\" >\n    <flo-form v-bind:form_id=\"1264\"><\/flo-form>\n    <input type=\"hidden\" name=\"flo_fid\" value=\"1264\">\n    <div class=\"flo overlay-loader\">\n      <div class=\"loader\"><div><\/div><div><\/div><div><\/div><div><\/div><div><\/div><div><\/div><div><\/div><\/div>\n    <\/div>\n    <div class=\"flo-response\"><\/div>\n    <div class=\"flo-response-error\"><\/div>\n  <\/form>\n<\/div><\/div>\n\t\t\t\t\t\t<\/div>\n\t\t\t\t<\/div>\n\t\t\t\t\t<\/div>\n\t\t<\/div>\n\t\t\t\t\t<\/div>\n\t\t<\/section>\n\t\t\t\t<\/div>\n\t\t","protected":false},"excerpt":{"rendered":"<p>Bitte gleichen Sie als erstes Ihren Wunschzeitraum mit dem Belegungskalender ab. Der Kalender wird regelm\u00e4\u00dfig gepflegt und ist stets aktuell. Bitte beachten Sie: Die Mindestbuchung betr\u00e4gt 3 Tage. F\u00fcr Buchungsanfragen oder weitere Informationen nehmen&#46;&#46;&#46;<\/p>\n","protected":false},"author":1,"featured_media":0,"parent":0,"menu_order":0,"comment_status":"closed","ping_status":"closed","template":"","meta":{"footnotes":""},"class_list":["post-68","page","type-page","status-publish","hentry"],"yoast_head":"<!-- This site is optimized with the Yoast SEO plugin v27.4 - https:\/\/yoast.com\/product\/yoast-seo-wordpress\/ -->\n<title>Buchungsanfrage - Ferienwohnung AussichtsReich - Urlaub und Ferien in Hahnenklee im Harz<\/title>\n<meta name=\"robots\" content=\"index, follow, max-snippet:-1, max-image-preview:large, max-video-preview:-1\" \/>\n<link rel=\"canonical\" href=\"https:\/\/aussichtsreich-harz.de\/?page_id=68\" \/>\n<meta property=\"og:locale\" content=\"de_DE\" \/>\n<meta property=\"og:type\" content=\"article\" \/>\n<meta property=\"og:title\" content=\"Buchungsanfrage - Ferienwohnung AussichtsReich - Urlaub und Ferien in Hahnenklee im Harz\" \/>\n<meta property=\"og:description\" content=\"Bitte gleichen Sie als erstes Ihren Wunschzeitraum mit dem Belegungskalender ab. Der Kalender wird regelm\u00e4\u00dfig gepflegt und ist stets aktuell. Bitte beachten Sie: Die Mindestbuchung betr\u00e4gt 3 Tage. F\u00fcr Buchungsanfragen oder weitere Informationen nehmen&#046;&#046;&#046;\" \/>\n<meta property=\"og:url\" content=\"https:\/\/aussichtsreich-harz.de\/?page_id=68\" \/>\n<meta property=\"og:site_name\" content=\"Ferienwohnung AussichtsReich - Urlaub und Ferien in Hahnenklee im Harz\" \/>\n<meta property=\"article:modified_time\" content=\"2025-11-10T21:12:45+00:00\" \/>\n<meta name=\"twitter:card\" content=\"summary_large_image\" \/>\n<meta name=\"twitter:label1\" content=\"Gesch\u00e4tzte Lesezeit\" \/>\n\t<meta name=\"twitter:data1\" content=\"1\u00a0Minute\" \/>\n<script type=\"application\/ld+json\" class=\"yoast-schema-graph\">{\"@context\":\"https:\\\/\\\/schema.org\",\"@graph\":[{\"@type\":\"WebPage\",\"@id\":\"https:\\\/\\\/aussichtsreich-harz.de\\\/?page_id=68\",\"url\":\"https:\\\/\\\/aussichtsreich-harz.de\\\/?page_id=68\",\"name\":\"Buchungsanfrage - Ferienwohnung AussichtsReich - Urlaub und Ferien in Hahnenklee im Harz\",\"isPartOf\":{\"@id\":\"https:\\\/\\\/aussichtsreich-harz.de\\\/#website\"},\"datePublished\":\"2021-03-09T18:54:50+00:00\",\"dateModified\":\"2025-11-10T21:12:45+00:00\",\"breadcrumb\":{\"@id\":\"https:\\\/\\\/aussichtsreich-harz.de\\\/?page_id=68#breadcrumb\"},\"inLanguage\":\"de\",\"potentialAction\":[{\"@type\":\"ReadAction\",\"target\":[\"https:\\\/\\\/aussichtsreich-harz.de\\\/?page_id=68\"]}]},{\"@type\":\"BreadcrumbList\",\"@id\":\"https:\\\/\\\/aussichtsreich-harz.de\\\/?page_id=68#breadcrumb\",\"itemListElement\":[{\"@type\":\"ListItem\",\"position\":1,\"name\":\"Startseite\",\"item\":\"https:\\\/\\\/aussichtsreich-harz.de\\\/\"},{\"@type\":\"ListItem\",\"position\":2,\"name\":\"Buchungsanfrage\"}]},{\"@type\":\"WebSite\",\"@id\":\"https:\\\/\\\/aussichtsreich-harz.de\\\/#website\",\"url\":\"https:\\\/\\\/aussichtsreich-harz.de\\\/\",\"name\":\"Ferienwohnung AussichtsReich - Urlaub und Ferien in Hahnenklee im Harz\",\"description\":\"Erholsamer Urlaub in unserer Ferienwohnung im Harz mit Hund: Ferien, Wandern und Erholung\",\"publisher\":{\"@id\":\"https:\\\/\\\/aussichtsreich-harz.de\\\/#organization\"},\"potentialAction\":[{\"@type\":\"SearchAction\",\"target\":{\"@type\":\"EntryPoint\",\"urlTemplate\":\"https:\\\/\\\/aussichtsreich-harz.de\\\/?s={search_term_string}\"},\"query-input\":{\"@type\":\"PropertyValueSpecification\",\"valueRequired\":true,\"valueName\":\"search_term_string\"}}],\"inLanguage\":\"de\"},{\"@type\":\"Organization\",\"@id\":\"https:\\\/\\\/aussichtsreich-harz.de\\\/#organization\",\"name\":\"Ferienwohnung AussichtsReich\",\"url\":\"https:\\\/\\\/aussichtsreich-harz.de\\\/\",\"logo\":{\"@type\":\"ImageObject\",\"inLanguage\":\"de\",\"@id\":\"https:\\\/\\\/aussichtsreich-harz.de\\\/#\\\/schema\\\/logo\\\/image\\\/\",\"url\":\"https:\\\/\\\/aussichtsreich-harz.de\\\/wp-content\\\/uploads\\\/2021\\\/03\\\/images.jpg\",\"contentUrl\":\"https:\\\/\\\/aussichtsreich-harz.de\\\/wp-content\\\/uploads\\\/2021\\\/03\\\/images.jpg\",\"width\":80,\"height\":80,\"caption\":\"Ferienwohnung AussichtsReich\"},\"image\":{\"@id\":\"https:\\\/\\\/aussichtsreich-harz.de\\\/#\\\/schema\\\/logo\\\/image\\\/\"}}]}<\/script>\n<!-- \/ Yoast SEO plugin. -->","yoast_head_json":{"title":"Buchungsanfrage - Ferienwohnung AussichtsReich - Urlaub und Ferien in Hahnenklee im Harz","robots":{"index":"index","follow":"follow","max-snippet":"max-snippet:-1","max-image-preview":"max-image-preview:large","max-video-preview":"max-video-preview:-1"},"canonical":"https:\/\/aussichtsreich-harz.de\/?page_id=68","og_locale":"de_DE","og_type":"article","og_title":"Buchungsanfrage - Ferienwohnung AussichtsReich - Urlaub und Ferien in Hahnenklee im Harz","og_description":"Bitte gleichen Sie als erstes Ihren Wunschzeitraum mit dem Belegungskalender ab. Der Kalender wird regelm\u00e4\u00dfig gepflegt und ist stets aktuell. Bitte beachten Sie: Die Mindestbuchung betr\u00e4gt 3 Tage. F\u00fcr Buchungsanfragen oder weitere Informationen nehmen&#46;&#46;&#46;","og_url":"https:\/\/aussichtsreich-harz.de\/?page_id=68","og_site_name":"Ferienwohnung AussichtsReich - Urlaub und Ferien in Hahnenklee im Harz","article_modified_time":"2025-11-10T21:12:45+00:00","twitter_card":"summary_large_image","twitter_misc":{"Gesch\u00e4tzte Lesezeit":"1\u00a0Minute"},"schema":{"@context":"https:\/\/schema.org","@graph":[{"@type":"WebPage","@id":"https:\/\/aussichtsreich-harz.de\/?page_id=68","url":"https:\/\/aussichtsreich-harz.de\/?page_id=68","name":"Buchungsanfrage - Ferienwohnung AussichtsReich - Urlaub und Ferien in Hahnenklee im Harz","isPartOf":{"@id":"https:\/\/aussichtsreich-harz.de\/#website"},"datePublished":"2021-03-09T18:54:50+00:00","dateModified":"2025-11-10T21:12:45+00:00","breadcrumb":{"@id":"https:\/\/aussichtsreich-harz.de\/?page_id=68#breadcrumb"},"inLanguage":"de","potentialAction":[{"@type":"ReadAction","target":["https:\/\/aussichtsreich-harz.de\/?page_id=68"]}]},{"@type":"BreadcrumbList","@id":"https:\/\/aussichtsreich-harz.de\/?page_id=68#breadcrumb","itemListElement":[{"@type":"ListItem","position":1,"name":"Startseite","item":"https:\/\/aussichtsreich-harz.de\/"},{"@type":"ListItem","position":2,"name":"Buchungsanfrage"}]},{"@type":"WebSite","@id":"https:\/\/aussichtsreich-harz.de\/#website","url":"https:\/\/aussichtsreich-harz.de\/","name":"Ferienwohnung AussichtsReich - Urlaub und Ferien in Hahnenklee im Harz","description":"Erholsamer Urlaub in unserer Ferienwohnung im Harz mit Hund: Ferien, Wandern und Erholung","publisher":{"@id":"https:\/\/aussichtsreich-harz.de\/#organization"},"potentialAction":[{"@type":"SearchAction","target":{"@type":"EntryPoint","urlTemplate":"https:\/\/aussichtsreich-harz.de\/?s={search_term_string}"},"query-input":{"@type":"PropertyValueSpecification","valueRequired":true,"valueName":"search_term_string"}}],"inLanguage":"de"},{"@type":"Organization","@id":"https:\/\/aussichtsreich-harz.de\/#organization","name":"Ferienwohnung AussichtsReich","url":"https:\/\/aussichtsreich-harz.de\/","logo":{"@type":"ImageObject","inLanguage":"de","@id":"https:\/\/aussichtsreich-harz.de\/#\/schema\/logo\/image\/","url":"https:\/\/aussichtsreich-harz.de\/wp-content\/uploads\/2021\/03\/images.jpg","contentUrl":"https:\/\/aussichtsreich-harz.de\/wp-content\/uploads\/2021\/03\/images.jpg","width":80,"height":80,"caption":"Ferienwohnung AussichtsReich"},"image":{"@id":"https:\/\/aussichtsreich-harz.de\/#\/schema\/logo\/image\/"}}]}},"_links":{"self":[{"href":"https:\/\/aussichtsreich-harz.de\/index.php?rest_route=\/wp\/v2\/pages\/68","targetHints":{"allow":["GET"]}}],"collection":[{"href":"https:\/\/aussichtsreich-harz.de\/index.php?rest_route=\/wp\/v2\/pages"}],"about":[{"href":"https:\/\/aussichtsreich-harz.de\/index.php?rest_route=\/wp\/v2\/types\/page"}],"author":[{"embeddable":true,"href":"https:\/\/aussichtsreich-harz.de\/index.php?rest_route=\/wp\/v2\/users\/1"}],"replies":[{"embeddable":true,"href":"https:\/\/aussichtsreich-harz.de\/index.php?rest_route=%2Fwp%2Fv2%2Fcomments&post=68"}],"version-history":[{"count":59,"href":"https:\/\/aussichtsreich-harz.de\/index.php?rest_route=\/wp\/v2\/pages\/68\/revisions"}],"predecessor-version":[{"id":2185,"href":"https:\/\/aussichtsreich-harz.de\/index.php?rest_route=\/wp\/v2\/pages\/68\/revisions\/2185"}],"wp:attachment":[{"href":"https:\/\/aussichtsreich-harz.de\/index.php?rest_route=%2Fwp%2Fv2%2Fmedia&parent=68"}],"curies":[{"name":"wp","href":"https:\/\/api.w.org\/{rel}","templated":true}]}}