{"id":1060,"date":"2021-05-21T21:43:25","date_gmt":"2021-05-21T19:43:25","guid":{"rendered":"https:\/\/aussichtsreich-harz.de\/?page_id=1060"},"modified":"2025-10-14T13:37:23","modified_gmt":"2025-10-14T11:37:23","slug":"ueber-uns","status":"publish","type":"page","link":"https:\/\/aussichtsreich-harz.de\/?page_id=1060","title":{"rendered":"\u00dcber uns"},"content":{"rendered":"\t\t<div data-elementor-type=\"wp-page\" data-elementor-id=\"1060\" class=\"elementor elementor-1060\">\n\t\t\t\t\t\t<section class=\"elementor-section elementor-top-section elementor-element elementor-element-38ccdc1 elementor-section-boxed elementor-section-height-default elementor-section-height-default\" data-id=\"38ccdc1\" data-element_type=\"section\" data-e-type=\"section\">\n\t\t\t\t\t\t<div class=\"elementor-container elementor-column-gap-default\">\n\t\t\t\t\t<div class=\"elementor-column elementor-col-100 elementor-top-column elementor-element elementor-element-ea27de4\" data-id=\"ea27de4\" data-element_type=\"column\" data-e-type=\"column\">\n\t\t\t<div class=\"elementor-widget-wrap elementor-element-populated\">\n\t\t\t\t\t\t<div class=\"elementor-element elementor-element-34a6133 elementor-widget elementor-widget-text-editor\" data-id=\"34a6133\" data-element_type=\"widget\" data-e-type=\"widget\" data-widget_type=\"text-editor.default\">\n\t\t\t\t<div class=\"elementor-widget-container\">\n\t\t\t\t\t\t\t\t\t<p>Liebe G\u00e4ste!<\/p><p>Wir w\u00fcrden uns sehr freuen, wenn Sie sich bei uns wohlf\u00fchlen und erholsame, erlebnisreiche und sch\u00f6ne Tage verbringen!<\/p><p>Wir haben die Wohnung so ausgestattet, wie wir sie selbst in unserem Urlaub gerne vorfinden w\u00fcrden.\u00a0Die Wohnung wird st\u00e4ndig modernisiert und renoviert.<\/p>\t\t\t\t\t\t\t\t<\/div>\n\t\t\t\t<\/div>\n\t\t\t\t\t<\/div>\n\t\t<\/div>\n\t\t\t\t\t<\/div>\n\t\t<\/section>\n\t\t\t\t<section class=\"elementor-section elementor-top-section elementor-element elementor-element-b50b052 elementor-section-boxed elementor-section-height-default elementor-section-height-default\" data-id=\"b50b052\" data-element_type=\"section\" data-e-type=\"section\">\n\t\t\t\t\t\t<div class=\"elementor-container elementor-column-gap-default\">\n\t\t\t\t\t<div class=\"elementor-column elementor-col-100 elementor-top-column elementor-element elementor-element-493b532\" data-id=\"493b532\" data-element_type=\"column\" data-e-type=\"column\">\n\t\t\t<div class=\"elementor-widget-wrap elementor-element-populated\">\n\t\t\t\t\t\t<div class=\"elementor-element elementor-element-756631e elementor-widget elementor-widget-text-editor\" data-id=\"756631e\" data-element_type=\"widget\" data-e-type=\"widget\" data-widget_type=\"text-editor.default\">\n\t\t\t\t<div class=\"elementor-widget-container\">\n\t\t\t\t\t\t\t\t\t<p>Egal, ob Sie einen l\u00e4ngeren Urlaub bei uns verbringen oder nur ein paar Tage die Seele baumeln lassen m\u00f6chten: uns ist es wichtig, dass Sie Ihren Aufenthalt von Anfang an genie\u00dfen k\u00f6nnen und gut erholt und mit sch\u00f6nen Erinnerungen nach Hause zur\u00fcckkehren.\u00a0<\/p><p>Herzlichst, Ihre Familie Militz<\/p>\t\t\t\t\t\t\t\t<\/div>\n\t\t\t\t<\/div>\n\t\t\t\t\t<\/div>\n\t\t<\/div>\n\t\t\t\t\t<\/div>\n\t\t<\/section>\n\t\t\t\t<\/div>\n\t\t","protected":false},"excerpt":{"rendered":"<p>Liebe G\u00e4ste! Wir w\u00fcrden uns sehr freuen, wenn Sie sich bei uns wohlf\u00fchlen und erholsame, erlebnisreiche und sch\u00f6ne Tage verbringen! Wir haben die Wohnung so ausgestattet, wie wir sie selbst in unserem Urlaub gerne&#46;&#46;&#46;<\/p>\n","protected":false},"author":1,"featured_media":0,"parent":0,"menu_order":0,"comment_status":"closed","ping_status":"closed","template":"","meta":{"footnotes":""},"class_list":["post-1060","page","type-page","status-publish","hentry"],"yoast_head":"<!-- This site is optimized with the Yoast SEO plugin v27.5 - https:\/\/yoast.com\/product\/yoast-seo-wordpress\/ -->\n<title>\u00dcber uns - Ferienwohnung AussichtsReich - Urlaub und Ferien in Hahnenklee im Harz<\/title>\n<meta name=\"robots\" content=\"index, follow, max-snippet:-1, max-image-preview:large, max-video-preview:-1\" \/>\n<link rel=\"canonical\" href=\"https:\/\/aussichtsreich-harz.de\/?page_id=1060\" \/>\n<meta property=\"og:locale\" content=\"de_DE\" \/>\n<meta property=\"og:type\" content=\"article\" \/>\n<meta property=\"og:title\" content=\"\u00dcber uns - Ferienwohnung AussichtsReich - Urlaub und Ferien in Hahnenklee im Harz\" \/>\n<meta property=\"og:description\" content=\"Liebe G\u00e4ste! Wir w\u00fcrden uns sehr freuen, wenn Sie sich bei uns wohlf\u00fchlen und erholsame, erlebnisreiche und sch\u00f6ne Tage verbringen! Wir haben die Wohnung so ausgestattet, wie wir sie selbst in unserem Urlaub gerne&#046;&#046;&#046;\" \/>\n<meta property=\"og:url\" content=\"https:\/\/aussichtsreich-harz.de\/?page_id=1060\" \/>\n<meta property=\"og:site_name\" content=\"Ferienwohnung AussichtsReich - Urlaub und Ferien in Hahnenklee im Harz\" \/>\n<meta property=\"article:modified_time\" content=\"2025-10-14T11:37:23+00:00\" \/>\n<meta name=\"twitter:card\" content=\"summary_large_image\" \/>\n<meta name=\"twitter:label1\" content=\"Gesch\u00e4tzte Lesezeit\" \/>\n\t<meta name=\"twitter:data1\" content=\"1\u00a0Minute\" \/>\n<script type=\"application\/ld+json\" class=\"yoast-schema-graph\">{\"@context\":\"https:\\\/\\\/schema.org\",\"@graph\":[{\"@type\":\"WebPage\",\"@id\":\"https:\\\/\\\/aussichtsreich-harz.de\\\/?page_id=1060\",\"url\":\"https:\\\/\\\/aussichtsreich-harz.de\\\/?page_id=1060\",\"name\":\"\u00dcber uns - Ferienwohnung AussichtsReich - Urlaub und Ferien in Hahnenklee im Harz\",\"isPartOf\":{\"@id\":\"https:\\\/\\\/aussichtsreich-harz.de\\\/#website\"},\"datePublished\":\"2021-05-21T19:43:25+00:00\",\"dateModified\":\"2025-10-14T11:37:23+00:00\",\"breadcrumb\":{\"@id\":\"https:\\\/\\\/aussichtsreich-harz.de\\\/?page_id=1060#breadcrumb\"},\"inLanguage\":\"de\",\"potentialAction\":[{\"@type\":\"ReadAction\",\"target\":[\"https:\\\/\\\/aussichtsreich-harz.de\\\/?page_id=1060\"]}]},{\"@type\":\"BreadcrumbList\",\"@id\":\"https:\\\/\\\/aussichtsreich-harz.de\\\/?page_id=1060#breadcrumb\",\"itemListElement\":[{\"@type\":\"ListItem\",\"position\":1,\"name\":\"Startseite\",\"item\":\"https:\\\/\\\/aussichtsreich-harz.de\\\/\"},{\"@type\":\"ListItem\",\"position\":2,\"name\":\"\u00dcber uns\"}]},{\"@type\":\"WebSite\",\"@id\":\"https:\\\/\\\/aussichtsreich-harz.de\\\/#website\",\"url\":\"https:\\\/\\\/aussichtsreich-harz.de\\\/\",\"name\":\"Ferienwohnung AussichtsReich - Urlaub und Ferien in Hahnenklee im Harz\",\"description\":\"Erholsamer Urlaub in unserer Ferienwohnung im Harz mit Hund: Ferien, Wandern und Erholung\",\"publisher\":{\"@id\":\"https:\\\/\\\/aussichtsreich-harz.de\\\/#organization\"},\"potentialAction\":[{\"@type\":\"SearchAction\",\"target\":{\"@type\":\"EntryPoint\",\"urlTemplate\":\"https:\\\/\\\/aussichtsreich-harz.de\\\/?s={search_term_string}\"},\"query-input\":{\"@type\":\"PropertyValueSpecification\",\"valueRequired\":true,\"valueName\":\"search_term_string\"}}],\"inLanguage\":\"de\"},{\"@type\":\"Organization\",\"@id\":\"https:\\\/\\\/aussichtsreich-harz.de\\\/#organization\",\"name\":\"Ferienwohnung AussichtsReich\",\"url\":\"https:\\\/\\\/aussichtsreich-harz.de\\\/\",\"logo\":{\"@type\":\"ImageObject\",\"inLanguage\":\"de\",\"@id\":\"https:\\\/\\\/aussichtsreich-harz.de\\\/#\\\/schema\\\/logo\\\/image\\\/\",\"url\":\"https:\\\/\\\/aussichtsreich-harz.de\\\/wp-content\\\/uploads\\\/2021\\\/03\\\/images.jpg\",\"contentUrl\":\"https:\\\/\\\/aussichtsreich-harz.de\\\/wp-content\\\/uploads\\\/2021\\\/03\\\/images.jpg\",\"width\":80,\"height\":80,\"caption\":\"Ferienwohnung AussichtsReich\"},\"image\":{\"@id\":\"https:\\\/\\\/aussichtsreich-harz.de\\\/#\\\/schema\\\/logo\\\/image\\\/\"}}]}<\/script>\n<!-- \/ Yoast SEO plugin. -->","yoast_head_json":{"title":"\u00dcber uns - Ferienwohnung AussichtsReich - Urlaub und Ferien in Hahnenklee im Harz","robots":{"index":"index","follow":"follow","max-snippet":"max-snippet:-1","max-image-preview":"max-image-preview:large","max-video-preview":"max-video-preview:-1"},"canonical":"https:\/\/aussichtsreich-harz.de\/?page_id=1060","og_locale":"de_DE","og_type":"article","og_title":"\u00dcber uns - Ferienwohnung AussichtsReich - Urlaub und Ferien in Hahnenklee im Harz","og_description":"Liebe G\u00e4ste! Wir w\u00fcrden uns sehr freuen, wenn Sie sich bei uns wohlf\u00fchlen und erholsame, erlebnisreiche und sch\u00f6ne Tage verbringen! Wir haben die Wohnung so ausgestattet, wie wir sie selbst in unserem Urlaub gerne&#46;&#46;&#46;","og_url":"https:\/\/aussichtsreich-harz.de\/?page_id=1060","og_site_name":"Ferienwohnung AussichtsReich - Urlaub und Ferien in Hahnenklee im Harz","article_modified_time":"2025-10-14T11:37:23+00:00","twitter_card":"summary_large_image","twitter_misc":{"Gesch\u00e4tzte Lesezeit":"1\u00a0Minute"},"schema":{"@context":"https:\/\/schema.org","@graph":[{"@type":"WebPage","@id":"https:\/\/aussichtsreich-harz.de\/?page_id=1060","url":"https:\/\/aussichtsreich-harz.de\/?page_id=1060","name":"\u00dcber uns - Ferienwohnung AussichtsReich - Urlaub und Ferien in Hahnenklee im Harz","isPartOf":{"@id":"https:\/\/aussichtsreich-harz.de\/#website"},"datePublished":"2021-05-21T19:43:25+00:00","dateModified":"2025-10-14T11:37:23+00:00","breadcrumb":{"@id":"https:\/\/aussichtsreich-harz.de\/?page_id=1060#breadcrumb"},"inLanguage":"de","potentialAction":[{"@type":"ReadAction","target":["https:\/\/aussichtsreich-harz.de\/?page_id=1060"]}]},{"@type":"BreadcrumbList","@id":"https:\/\/aussichtsreich-harz.de\/?page_id=1060#breadcrumb","itemListElement":[{"@type":"ListItem","position":1,"name":"Startseite","item":"https:\/\/aussichtsreich-harz.de\/"},{"@type":"ListItem","position":2,"name":"\u00dcber uns"}]},{"@type":"WebSite","@id":"https:\/\/aussichtsreich-harz.de\/#website","url":"https:\/\/aussichtsreich-harz.de\/","name":"Ferienwohnung AussichtsReich - Urlaub und Ferien in Hahnenklee im Harz","description":"Erholsamer Urlaub in unserer Ferienwohnung im Harz mit Hund: Ferien, Wandern und Erholung","publisher":{"@id":"https:\/\/aussichtsreich-harz.de\/#organization"},"potentialAction":[{"@type":"SearchAction","target":{"@type":"EntryPoint","urlTemplate":"https:\/\/aussichtsreich-harz.de\/?s={search_term_string}"},"query-input":{"@type":"PropertyValueSpecification","valueRequired":true,"valueName":"search_term_string"}}],"inLanguage":"de"},{"@type":"Organization","@id":"https:\/\/aussichtsreich-harz.de\/#organization","name":"Ferienwohnung AussichtsReich","url":"https:\/\/aussichtsreich-harz.de\/","logo":{"@type":"ImageObject","inLanguage":"de","@id":"https:\/\/aussichtsreich-harz.de\/#\/schema\/logo\/image\/","url":"https:\/\/aussichtsreich-harz.de\/wp-content\/uploads\/2021\/03\/images.jpg","contentUrl":"https:\/\/aussichtsreich-harz.de\/wp-content\/uploads\/2021\/03\/images.jpg","width":80,"height":80,"caption":"Ferienwohnung AussichtsReich"},"image":{"@id":"https:\/\/aussichtsreich-harz.de\/#\/schema\/logo\/image\/"}}]}},"_links":{"self":[{"href":"https:\/\/aussichtsreich-harz.de\/index.php?rest_route=\/wp\/v2\/pages\/1060","targetHints":{"allow":["GET"]}}],"collection":[{"href":"https:\/\/aussichtsreich-harz.de\/index.php?rest_route=\/wp\/v2\/pages"}],"about":[{"href":"https:\/\/aussichtsreich-harz.de\/index.php?rest_route=\/wp\/v2\/types\/page"}],"author":[{"embeddable":true,"href":"https:\/\/aussichtsreich-harz.de\/index.php?rest_route=\/wp\/v2\/users\/1"}],"replies":[{"embeddable":true,"href":"https:\/\/aussichtsreich-harz.de\/index.php?rest_route=%2Fwp%2Fv2%2Fcomments&post=1060"}],"version-history":[{"count":190,"href":"https:\/\/aussichtsreich-harz.de\/index.php?rest_route=\/wp\/v2\/pages\/1060\/revisions"}],"predecessor-version":[{"id":2143,"href":"https:\/\/aussichtsreich-harz.de\/index.php?rest_route=\/wp\/v2\/pages\/1060\/revisions\/2143"}],"wp:attachment":[{"href":"https:\/\/aussichtsreich-harz.de\/index.php?rest_route=%2Fwp%2Fv2%2Fmedia&parent=1060"}],"curies":[{"name":"wp","href":"https:\/\/api.w.org\/{rel}","templated":true}]}}